{"id":997,"date":"2021-08-17T17:00:21","date_gmt":"2021-08-17T17:00:21","guid":{"rendered":"https:\/\/taximonovolumen.com\/taxi-monovolumen\/"},"modified":"2023-09-16T06:29:25","modified_gmt":"2023-09-16T06:29:25","slug":"taxi-monovolumen","status":"publish","type":"page","link":"https:\/\/taximonovolumen.com\/ca\/","title":{"rendered":"Taxi Monovolumen"},"content":{"rendered":"\n<figure class=\"wp-block-image alignfull size-large\"><img decoding=\"async\" loading=\"lazy\" width=\"1146\" height=\"382\" src=\"https:\/\/taximonovolumen.com\/wp-content\/uploads\/2021\/06\/taxisolsona1.jpeg\" alt=\"Servei de taxi a Solsona\" class=\"wp-image-829\" title=\"Foto taxi\" srcset=\"https:\/\/taximonovolumen.com\/wp-content\/uploads\/2021\/06\/taxisolsona1.jpeg 1146w, https:\/\/taximonovolumen.com\/wp-content\/uploads\/2021\/06\/taxisolsona1-300x100.jpeg 300w, https:\/\/taximonovolumen.com\/wp-content\/uploads\/2021\/06\/taxisolsona1-768x256.jpeg 768w\" sizes=\"(max-width: 1146px) 100vw, 1146px\" \/><\/figure>\n<div class=\"wp-block-columns is-layout-flex wp-container-6\">\n<div class=\"wp-block-column is-layout-flow\"><div class=\"wp-block-image\">\n<figure class=\"wp-duotone-4767fa-ffffff-1 aligncenter size-large is-resized\"><a href=\"tel:+34630821652\"><img decoding=\"async\" loading=\"lazy\" src=\"https:\/\/taximonovolumen.com\/wp-content\/uploads\/2021\/02\/image.jpeg\" alt=\"telefon taxi\" class=\"wp-image-694\" width=\"100\" height=\"69\" title=\"Logo telefon\"\/><\/a><\/figure><\/div><\/div>\n\n\n\n<div class=\"wp-block-column is-layout-flow\">\n<p><\/p>\n\n\n\n<p class=\"has-text-align-center\" style=\"font-size:33px\"><a href=\"tel:+34630821652\" rel=\"noreferrer noopener nofollow\" target=\"_blank\"> <strong> +34 630 82 16 52 <\/strong> <\/a><\/p>\n<\/div>\n\n\n\n<div class=\"wp-block-column is-layout-flow\"><div class=\"wp-block-image\">\n<figure class=\"wp-duotone-4767fa-ffffff-4 aligncenter size-large is-resized\"><a href=\"https:\/\/wa.me\/+34630821652\" target=\"_blank\" rel=\"noopener\"><img decoding=\"async\" loading=\"lazy\" src=\"https:\/\/taximonovolumen.com\/wp-content\/uploads\/2020\/12\/logowhatssap.png\" alt=\"whatsapp\" class=\"wp-image-653\" width=\"104\" height=\"90\" title=\"Logo whassap\" srcset=\"https:\/\/taximonovolumen.com\/wp-content\/uploads\/2020\/12\/logowhatssap.png 920w, https:\/\/taximonovolumen.com\/wp-content\/uploads\/2020\/12\/logowhatssap-300x261.png 300w, https:\/\/taximonovolumen.com\/wp-content\/uploads\/2020\/12\/logowhatssap-768x667.png 768w\" sizes=\"(max-width: 104px) 100vw, 104px\" \/><\/a><\/figure><\/div><\/div>\n<\/div>\n\n<h1 class=\"wp-block-heading has-text-align-center\"><strong>Taxi Monovolum<\/strong><\/h1>\n\n<p class=\"has-text-align-center\"> A la vida quotidiana sempre estem en constant moviment, moltes vegades ens dirigim d&#8217;un lloc a un altre per visitar familiars, amics, anar a una festa, sortir a menjar o altres coses, un Taxi monovolum \u00e9s la soluci\u00f3.<\/p>\n\n<div class=\"wp-block-columns is-layout-flex wp-container-10\">\n<div class=\"wp-block-column is-vertically-aligned-top is-layout-flow\"><div class=\"wp-block-image\">\n<figure class=\"aligncenter size-full is-resized\"><img decoding=\"async\" src=\"https:\/\/taximonovolumen.com\/wp-content\/uploads\/2021\/08\/bautizo-e1628958293503.jpg\" alt=\"Batejos\" class=\"wp-image-931\" width=\"95\" title=\"Trasllat per batejos\"\/><\/figure><\/div><\/div>\n\n\n\n<div class=\"wp-block-column is-vertically-aligned-bottom is-layout-flow\">\n<h2 class=\"wp-block-heading has-text-align-center\"><strong> Taxis per a Casaments i Batejos <\/strong><\/h2>\n<\/div>\n\n\n\n<div class=\"wp-block-column is-vertically-aligned-top is-layout-flow\"><div class=\"wp-block-image\">\n<figure class=\"aligncenter size-full\"><img decoding=\"async\" loading=\"lazy\" width=\"100\" height=\"100\" src=\"https:\/\/taximonovolumen.com\/wp-content\/uploads\/2021\/08\/boda2-e1628957964541.jpg\" alt=\"Casaments\" class=\"wp-image-927\" title=\"Trasllat per a Casaments\"\/><\/figure><\/div><\/div>\n<\/div>\n\n<p class=\"has-text-align-center\"> En general, quan realitzem algun tipus de viatge de vacances amb la nostra fam\u00edlia, \u00e9s dif\u00edcil trobar amb un vehicle adequat per al trasllat de tots. Per aquesta ra\u00f3, els taxis monovolum s\u00f3n perfectes per a tu.<\/p>\n\n<h2 class=\"wp-block-heading has-text-align-center\"><strong>Servei de taxi per a empreses<\/strong><\/h2>\n\n<p class=\"has-text-align-center\"> Aquests cotxes s\u00f3n de grans dimensions i compten amb un ampli maleter, on podr\u00e0s posar les teves pertinences sense cap problema.<\/p>\n\n<p class=\"has-text-align-center\">Estan dissenyats amb un espai prou ampli en el seu interior, amb la finalitat de brindar la comoditat que et mereixes.<\/p>\n\n<p class=\"has-text-align-center\">Si tens una fam\u00edlia nombrosa i sortiu de passeig, <strong> el taxi 8 places <\/strong> \u00e9s el que necessites, a m\u00e9s, compten amb indument\u00e0ria necess\u00e0ria per a m\u00e9s seguretat, com la cadira de nen si ho necessiteu.<\/p>\n\n<p class=\"has-text-align-center\"> A l&#8217;empresa de el grup taxi Higueras oferim un servei d&#8217;alta qualitat, principalment realitzem trasllats des de l&#8217;aeroport de Barcelona i des de l&#8217;aeroport de Lleida, fins al lloc del teu hostalatge o el dest\u00ed que ens indiquis.<\/p>\n\n<p class=\"has-text-align-center\"> De la mateixa manera, pots comptar amb nosaltres per traslladar-te internament dins de la ciutat.<\/p>\n<div class=\"wp-block-image\">\n<figure class=\"wp-duotone-4767fa-ffffff-11 aligncenter size-full\"><img decoding=\"async\" loading=\"lazy\" width=\"73\" height=\"73\" src=\"https:\/\/taximonovolumen.com\/wp-content\/uploads\/2020\/11\/logominusvalido-e1628955571684.png\" alt=\"vehicle adaptat\" class=\"wp-image-447\"\/><figcaption class=\"wp-element-caption\">Vehicle Adaptat<\/figcaption><\/figure><\/div>\n<p class=\"has-text-align-center\"> Per si fos poc, en els nostres c\u00f2modes taxis <strong> s&#8217;admeten animals de companyia <\/strong>, aix\u00ed que tamb\u00e9 podran sortir a passejar amb tu a qualsevol lloc.<\/p>\n<div class=\"wp-block-image\">\n<figure class=\"wp-duotone-4767fa-ffffff-12 aligncenter size-full\"><img decoding=\"async\" loading=\"lazy\" width=\"73\" height=\"73\" src=\"https:\/\/taximonovolumen.com\/wp-content\/uploads\/2020\/12\/se-admitenmascota-logo.jpg\" alt=\"S'admeten mascotes\" class=\"wp-image-591\"\/><figcaption class=\"wp-element-caption\">S&#8217;admeten mascotes<\/figcaption><\/figure><\/div>\n<p class=\"has-text-align-center\"> Actualment, els taxis monovolum s\u00f3n cada vegada m\u00e9s rendibles per als usuaris, \u00e9s per aix\u00f2 que cada dia pensem en millorar els nostres serveis.<\/p>\n\n<p class=\"has-text-align-center\"> De tal manera, pots gaudir d&#8217;agradables passejades i trasllats amb nosaltres, amb la millor companyia per passar-ho b\u00e9.<\/p>\n\n<p class=\"has-text-align-center\"> El transport dels nostres usuaris es realitza de manera responsable, segura i efica\u00e7, garantint puntualitat i un bon viatge per als nostres clients.<\/p>\n\n<h3 class=\"wp-block-heading has-text-align-center\"><strong> Quins s\u00f3n els avantatges de prendre un Taxi Monovolum? <\/strong><\/h3>\n\n<p class=\"has-text-align-center\"> Si vols trasllats a qualsevol destinaci\u00f3 comptem amb la millor opci\u00f3, aquests vehicles s\u00f3n de gran capacitat i amb espai suficient per a la seva major comoditat.<\/p>\n\n<p class=\"has-text-align-center\"> Els taxis monovolum s\u00f3n ideals per a viatjar en fam\u00edlia, t&#8217;oferim seguretat, tranquil\u00b7litat i un servei de qualitat. I el millor de tot \u00e9s que tamb\u00e9 pots compartir amb els teus mascotes i portar-les a on vulguis.<\/p>\n\n<p class=\"has-text-align-center\"> Sempre de la m\u00e0 amb el millor equip especialitzat, la seguretat per a tu i la teva fam\u00edlia \u00e9s indispensable per a nosaltres.<\/p>\n\n<p class=\"has-text-align-center\">D&#8217;altra banda, si vols sortir amb els amics, el millor pla \u00e9s amb <strong> servei de taxi <\/strong>, per la qual cosa, et portem a on vulguis i et busquem a l&#8217;hora que decideixis.<\/p>\n\n<p class=\"has-text-align-center\"> Sempre comptar\u00e0s amb nosaltres per traslladar-te a qualsevol lloc, nom\u00e9s comunicant-te amb els nostres serveis.<\/p>\n\n<p class=\"has-text-align-center\"> Si tens moltes maletes i necessites anar a l&#8217;aeroport, no et preocupis, contacta&#8217;ns, ja que tenim el cotxe perfecte per a tu i la teva comoditat, on podr\u00e0s portar les teves pertinences sense cap problema.<\/p>\n\n<h3 class=\"wp-block-heading has-text-align-center\"><strong> Com demanar trasllats amb Taxi Monovolum? <\/strong><\/h3>\n\n<p class=\"has-text-align-center\"> En el nostre lloc web trobar\u00e0s les opcions de reserva taxi, i tota la informaci\u00f3 de contacte necess\u00e0ria.<\/p>\n\n<p class=\"has-text-align-center\">Recorda que comptar\u00e0s amb nosaltres sempre que ho necessitis, i amb seguretat arribar\u00e0s a temps al teu dest\u00ed.<\/p>\n\n<p class=\"has-text-align-center\"> Realment la nostra empresa \u00e9s sin\u00f2nim de responsabilitat, comoditat, i discreci\u00f3. Solem garantir un servei totalment lliure de contratemps.<\/p>\n\n<p class=\"has-text-align-center\"> Estarem atents a qualsevol dubte que tinguis per mitj\u00e0 de la nostra p\u00e0gina web, tamb\u00e9 pots reservar el seu servei de taxi amb dies d&#8217;anticipaci\u00f3, ja que ens adaptem al que necessitis i al teu temps disponible.<\/p>\n\n<p class=\"has-text-align-center\"> A m\u00e9s, comptem amb un personal de transport capacitat perqu\u00e8 vagis de manera segura al teu dest\u00ed, la nostra finalitat \u00e9s oferir el millor servei i confort.<\/p>\n\n<p class=\"has-text-align-center\"> Sens dubte, tenim el que necessites per a qualsevol ocasi\u00f3, comunica&#8217;t i all\u00e0 estarem per buscar-te i transportar-te a qualsevol lloc.<\/p>\n\n<p class=\"has-text-align-center\">No t&#8217;ho pensis m\u00e9s i reserva amb nosaltres, la millor empresa de taxis monovolum.<\/p>\n\n<div class=\"wp-duotone-4767fa-ffffff-13 wp-block-image\"><figure class=\"aligncenter is-resized\"><a href=\"con\"><img decoding=\"async\" loading=\"lazy\" src=\"https:\/\/taximonovolumen.com\/wp-content\/uploads\/2020\/11\/comunicar.png\" alt=\"Contacta\" class=\"wp-image-397\" width=\"103\" height=\"103\" srcset=\"https:\/\/taximonovolumen.com\/wp-content\/uploads\/2020\/11\/comunicar.png 512w, https:\/\/taximonovolumen.com\/wp-content\/uploads\/2020\/11\/comunicar-300x300.png 300w, https:\/\/taximonovolumen.com\/wp-content\/uploads\/2020\/11\/comunicar-150x150.png 150w\" sizes=\"(max-width: 103px) 100vw, 103px\" \/><\/a><figcaption><strong><em>Contacta<\/em><\/strong><\/figcaption><\/figure><\/div>\n\n<h3 class=\"wp-block-heading has-text-align-center\"><strong> Preu dels trasllats amb Taxi Monovolum? <\/strong><\/h3>\n\n<p class=\"has-text-align-center\"> La majoria de persones es pregunten si el preu de l&#8217;trasllat pot arribar a ser molt cost\u00f3s, per\u00f2 en alguns casos no necess\u00e0riament \u00e9s aix\u00ed.<\/p>\n\n<p class=\"has-text-align-center\"> Dep\u00e8n de l&#8217;recorregut de el cotxe i segons el seu quilometratge s&#8217;ajustar\u00e0 el preu, per\u00f2, nosaltres comptem amb les millors tarifes de mercat.<\/p>\n\n<p class=\"has-text-align-center\"> Les tarifes dels taxis solen ser bastant accessibles, evidentment dependr\u00e0 de l&#8217;economia de la teva butxaca, i de la quantitat de persones que vagin amb tu, per\u00f2 aquest servei de transport \u00e9s tan excel\u00b7lent que valdr\u00e0 la pena l&#8217;esfor\u00e7 econ\u00f2mic.<\/p>\n\n<figure class=\"wp-block-table\"><table><tbody><tr><td class=\"has-text-align-center\" data-align=\"center\"><img decoding=\"async\" loading=\"lazy\" width=\"593\" height=\"153\" class=\"wp-image-313\" style=\"width: 150px;\" src=\"https:\/\/taximonovolumen.com\/wp-content\/uploads\/2020\/11\/logovisa-.png\" alt=\"m&#xE8;tode de pagament visa\" srcset=\"https:\/\/taximonovolumen.com\/wp-content\/uploads\/2020\/11\/logovisa-.png 593w, https:\/\/taximonovolumen.com\/wp-content\/uploads\/2020\/11\/logovisa--300x77.png 300w\" sizes=\"(max-width: 593px) 100vw, 593px\" \/><\/td><td class=\"has-text-align-center\" data-align=\"center\"><em> Transfer\u00e8ncia Banc\u00e0ria <\/em><\/td><td class=\"has-text-align-center\" data-align=\"center\"><img decoding=\"async\" loading=\"lazy\" width=\"343\" height=\"147\" class=\"wp-image-314\" style=\"width: 150px;\" src=\"https:\/\/taximonovolumen.com\/wp-content\/uploads\/2020\/11\/bizum.png\" alt=\"m&#xE8;tode de pagament bizum\" srcset=\"https:\/\/taximonovolumen.com\/wp-content\/uploads\/2020\/11\/bizum.png 343w, https:\/\/taximonovolumen.com\/wp-content\/uploads\/2020\/11\/bizum-300x129.png 300w\" sizes=\"(max-width: 343px) 100vw, 343px\" \/><\/td><\/tr><\/tbody><\/table><\/figure>\n<p class=\"has-text-align-center\">No dubtis a contactar-nos, <strong> el nostre servei de taxi monovolum \u00e9s el millor <\/strong>.<\/p>\n\n<figure class=\"wp-block-image size-full\"><img decoding=\"async\" loading=\"lazy\" width=\"2000\" height=\"1428\" src=\"https:\/\/taximonovolumen.com\/wp-content\/uploads\/2021\/11\/taxi-fotos-barcelona.jpg\" alt=\"Servei de taxi\" class=\"wp-image-1044\" title=\"Servei de Taxi\" srcset=\"https:\/\/taximonovolumen.com\/wp-content\/uploads\/2021\/11\/taxi-fotos-barcelona.jpg 2000w, https:\/\/taximonovolumen.com\/wp-content\/uploads\/2021\/11\/taxi-fotos-barcelona-300x214.jpg 300w, https:\/\/taximonovolumen.com\/wp-content\/uploads\/2021\/11\/taxi-fotos-barcelona-768x548.jpg 768w, https:\/\/taximonovolumen.com\/wp-content\/uploads\/2021\/11\/taxi-fotos-barcelona-1536x1097.jpg 1536w\" sizes=\"(max-width: 2000px) 100vw, 2000px\" \/><\/figure><figure class=\"wp-block-gallery aligncenter columns-4\">\n<ul class=\"blocks-gallery-grid\">\n<li class=\"blocks-gallery-item\">\n<figure><a href=\"https:\/\/trasladocaravanas.com\/\" target=\"_blank\" rel=\"noopener noreferrer\"><img decoding=\"async\" loading=\"lazy\" class=\"alignnone wp-image-97\" title=\"Logo Trasladocaravanas.com\" src=\"https:\/\/taximonovolumen.com\/wp-content\/uploads\/2020\/11\/Logo-TrasladoCaravanas.jpg\" alt=\"Logo Traslado Caravanas\" width=\"572\" height=\"202\" data-id=\"97\" data-full-url=\"https:\/\/taximonovolumen.com\/wp-content\/uploads\/2020\/11\/Logo-TrasladoCaravanas.jpg\" data-link=\"https:\/\/taximonovolumen.com\/taxi-monovolumen\/logo-trasladocaravanas\/#main\" srcset=\"https:\/\/taximonovolumen.com\/wp-content\/uploads\/2020\/11\/Logo-TrasladoCaravanas.jpg 572w, https:\/\/taximonovolumen.com\/wp-content\/uploads\/2020\/11\/Logo-TrasladoCaravanas-300x106.jpg 300w\" sizes=\"(max-width: 572px) 100vw, 572px\" \/><\/a><\/figure>\n<\/li>\n<li class=\"blocks-gallery-item\">\n<figure><a href=\"https:\/\/taximonovolumen.com\/ca\/\"><img decoding=\"async\" loading=\"lazy\" class=\"alignnone wp-image-93\" title=\"Logo Taximonovolumen.com\" src=\"https:\/\/taximonovolumen.com\/wp-content\/uploads\/2020\/11\/Logo-TaxiMonovolumen.jpg\" alt=\"Servicio de Taxi\" width=\"572\" height=\"202\" data-id=\"93\" data-full-url=\"https:\/\/taximonovolumen.com\/wp-content\/uploads\/2020\/11\/Logo-TaxiMonovolumen.jpg\" data-link=\"https:\/\/taximonovolumen.com\/taxi-monovolumen\/logo-taximonovolumen\/#main\" srcset=\"https:\/\/taximonovolumen.com\/wp-content\/uploads\/2020\/11\/Logo-TaxiMonovolumen.jpg 572w, https:\/\/taximonovolumen.com\/wp-content\/uploads\/2020\/11\/Logo-TaxiMonovolumen-300x106.jpg 300w\" sizes=\"(max-width: 572px) 100vw, 572px\" \/><\/a><\/figure>\n<\/li>\n<li class=\"blocks-gallery-item\">\n<figure><a href=\"https:\/\/taxisolsona.com\/\" target=\"_blank\" rel=\"noopener noreferrer\"><img decoding=\"async\" loading=\"lazy\" class=\"alignnone wp-image-95\" title=\"Logo taxisolsona.com\" src=\"https:\/\/taximonovolumen.com\/wp-content\/uploads\/2020\/11\/Logo-TaxiSolsona.jpg\" alt=\"Logo Taxi Solsona\" width=\"572\" height=\"202\" data-id=\"95\" data-full-url=\"https:\/\/taximonovolumen.com\/wp-content\/uploads\/2020\/11\/Logo-TaxiSolsona.jpg\" data-link=\"https:\/\/taximonovolumen.com\/taxi-monovolumen\/logo-taxisolsona\/#main\" srcset=\"https:\/\/taximonovolumen.com\/wp-content\/uploads\/2020\/11\/Logo-TaxiSolsona.jpg 572w, https:\/\/taximonovolumen.com\/wp-content\/uploads\/2020\/11\/Logo-TaxiSolsona-300x106.jpg 300w\" sizes=\"(max-width: 572px) 100vw, 572px\" \/><\/a><\/figure>\n<\/li>\n<li class=\"blocks-gallery-item\">\n<figure><a href=\"https:\/\/taximonovolumen.com\/ca\/taxi-oliana\/\"><img decoding=\"async\" loading=\"lazy\" class=\"alignnone wp-image-94\" title=\"Logo taxioliana.com\" src=\"https:\/\/taximonovolumen.com\/wp-content\/uploads\/2020\/11\/Logo-TaxiOliana.jpg\" alt=\"Logo Taxi Oliana\" width=\"572\" height=\"202\" data-id=\"94\" data-full-url=\"https:\/\/taximonovolumen.com\/wp-content\/uploads\/2020\/11\/Logo-TaxiOliana.jpg\" data-link=\"https:\/\/taximonovolumen.com\/taxi-monovolumen\/logo-taxioliana\/#main\" srcset=\"https:\/\/taximonovolumen.com\/wp-content\/uploads\/2020\/11\/Logo-TaxiOliana.jpg 572w, https:\/\/taximonovolumen.com\/wp-content\/uploads\/2020\/11\/Logo-TaxiOliana-300x106.jpg 300w\" sizes=\"(max-width: 572px) 100vw, 572px\" \/><\/a><\/figure>\n<\/li>\n<li class=\"blocks-gallery-item\">&nbsp;<\/li>\n<\/ul>\n<\/figure>\n\n<figure class=\"wp-block-table\"><table class=\"has-fixed-layout\"><tbody><tr><td class=\"has-text-align-center\" data-align=\"center\"><\/td><td class=\"has-text-align-center\" data-align=\"center\"><a href=\"https:\/\/www.racc.cat\/\" target=\"_blank\" rel=\"noreferrer noopener sponsored nofollow\"><img decoding=\"async\" loading=\"lazy\" width=\"50\" height=\"50\" class=\"wp-image-735\" style=\"width: 50px;\" src=\"https:\/\/taximonovolumen.com\/wp-content\/uploads\/2021\/03\/racc-colaborador-e1616350227117.png\" alt=\"racc-colaborador\"\/><\/a><\/td><td class=\"has-text-align-center\" data-align=\"center\"><a href=\"https:\/\/www.facebook.com\/taxismonovolumen\" target=\"_blank\" rel=\"noreferrer noopener\"><img decoding=\"async\" loading=\"lazy\" width=\"210\" height=\"225\" class=\"wp-image-884\" style=\"width: 70px;\" src=\"https:\/\/taximonovolumen.com\/wp-content\/uploads\/2021\/07\/logo-facebbok.jpg\" alt=\"logo facebbok\"\/><\/a><\/td><td class=\"has-text-align-center\" data-align=\"center\"><a href=\"https:\/\/www.google.com\/search?q=taxis+higueras&amp;rlz=1C1CHBD_esES827ES827&amp;oq=taxis+higueras&amp;aqs=chrome..69i57j0i22i30j69i60l3.4428j1j15&amp;sourceid=chrome&amp;ie=UTF-8\" target=\"_blank\" rel=\"noreferrer noopener\"><img decoding=\"async\" loading=\"lazy\" width=\"572\" height=\"202\" class=\"wp-image-96\" style=\"width: 150px;\" src=\"https:\/\/taximonovolumen.com\/wp-content\/uploads\/2020\/11\/Logo-TaxisHigueras.jpg\" alt=\"Logo Taxis Higueras\" srcset=\"https:\/\/taximonovolumen.com\/wp-content\/uploads\/2020\/11\/Logo-TaxisHigueras.jpg 572w, https:\/\/taximonovolumen.com\/wp-content\/uploads\/2020\/11\/Logo-TaxisHigueras-300x106.jpg 300w\" sizes=\"(max-width: 572px) 100vw, 572px\" \/><\/a><\/td><\/tr><\/tbody><\/table><\/figure>\n<p><\/p>\n","protected":false},"excerpt":{"rendered":"<p>+34 630 82 16 52 Taxi Monovolum A la vida quotidiana sempre estem en constant moviment, moltes vegades ens dirigim d&#8217;un lloc a un altre per visitar familiars, amics, anar a una festa, sortir a menjar o altres coses, un Taxi monovolum \u00e9s la soluci\u00f3. Taxis per a Casaments i Batejos En general, quan realitzem &#8230; <a title=\"Taxi Monovolumen\" class=\"read-more\" href=\"https:\/\/taximonovolumen.com\/ca\/\" aria-label=\"M\u00e9s informaci\u00f3 sobre Taxi Monovolumen\">Llegiu m\u00e9s<\/a><\/p>\n","protected":false},"author":1,"featured_media":0,"parent":0,"menu_order":0,"comment_status":"closed","ping_status":"closed","template":"","meta":[],"_links":{"self":[{"href":"https:\/\/taximonovolumen.com\/ca\/wp-json\/wp\/v2\/pages\/997"}],"collection":[{"href":"https:\/\/taximonovolumen.com\/ca\/wp-json\/wp\/v2\/pages"}],"about":[{"href":"https:\/\/taximonovolumen.com\/ca\/wp-json\/wp\/v2\/types\/page"}],"author":[{"embeddable":true,"href":"https:\/\/taximonovolumen.com\/ca\/wp-json\/wp\/v2\/users\/1"}],"replies":[{"embeddable":true,"href":"https:\/\/taximonovolumen.com\/ca\/wp-json\/wp\/v2\/comments?post=997"}],"version-history":[{"count":14,"href":"https:\/\/taximonovolumen.com\/ca\/wp-json\/wp\/v2\/pages\/997\/revisions"}],"predecessor-version":[{"id":1119,"href":"https:\/\/taximonovolumen.com\/ca\/wp-json\/wp\/v2\/pages\/997\/revisions\/1119"}],"wp:attachment":[{"href":"https:\/\/taximonovolumen.com\/ca\/wp-json\/wp\/v2\/media?parent=997"}],"curies":[{"name":"wp","href":"https:\/\/api.w.org\/{rel}","templated":true}]}}