{"id":987,"date":"2021-08-16T17:13:37","date_gmt":"2021-08-16T17:13:37","guid":{"rendered":"https:\/\/taximonovolumen.com\/?page_id=987"},"modified":"2023-09-16T06:31:20","modified_gmt":"2023-09-16T06:31:20","slug":"taxi-oliana","status":"publish","type":"page","link":"https:\/\/taximonovolumen.com\/ca\/taxi-oliana\/","title":{"rendered":"Taxi Oliana"},"content":{"rendered":"\n<figure class=\"wp-block-image alignfull size-large\"><img decoding=\"async\" loading=\"lazy\" width=\"1536\" height=\"708\" src=\"https:\/\/taximonovolumen.com\/wp-content\/uploads\/2020\/11\/slider-3.jpg\" alt=\"taxi Oliana i Alt Urgell\" class=\"wp-image-230\" srcset=\"https:\/\/taximonovolumen.com\/wp-content\/uploads\/2020\/11\/slider-3.jpg 1536w, https:\/\/taximonovolumen.com\/wp-content\/uploads\/2020\/11\/slider-3-300x138.jpg 300w, https:\/\/taximonovolumen.com\/wp-content\/uploads\/2020\/11\/slider-3-768x354.jpg 768w\" sizes=\"(max-width: 1536px) 100vw, 1536px\" \/><\/figure>\n<h1 class=\"has-text-align-center wp-block-heading\"><strong>Taxi Oliana<\/strong><\/h1>\n\n<p>Servei de Taxi Oliana, les seves caracter\u00edstiques s\u00f3n definides per la discreci\u00f3 dels seus empleats, responsabilitat, puntualitat, cura i tracte personal amb molt de respecte i professionalitat.<\/p>\n\n<p>Oferim un servei de trasllat sempre ajustat a la necessitat del client, el confort \u00e9s la nostra premissa i \u00e9s el nostre deure garantir-lo en cadascuna de les nostres unitats de transport.<\/p>\n\n<p>per a fam\u00edlies nombroses, <strong>persones amb mobilitat redu\u00efda<\/strong> o que presenten alguna discapacitat, fins a una parella d&#8217;enamorats i fins i tot mascotes, tots s\u00f3n clients, prioritat un per la nostra empresa.<\/p>\n\n<p>Els nostres vehicles disposen de 9 places \u00e0mplies i c\u00f2modes perqu\u00e8 gaudeixis amb els teus amics i familiars d&#8217;un trasllat c\u00f2mode i en confian\u00e7a.<\/p>\n\n<p>Cadascun dels vehicles en Taxi Oliana compleix amb una <strong> pol\u00edtica estricta d&#8217;higiene i neteja  strong&gt; amb olors agradables i finestretes que et permeten deleitar del cam\u00ed.<\/strong><\/p>\n\n<p>La tapisseria en excel\u00b7lent estat i una cura exhaustiva de la part interna de el vehicle que no est\u00e0 a primera vista de l&#8217;usuari, com ara: frens, motor, etc.<\/p>\n\n<p>Viatge en confian\u00e7a i seguretat amb els nostres serveis de Taxi Oliana i Taxi Solsona, formem part de el Grup Taxi Higueras.<\/p>\n\n<h2 class=\"has-text-align-center wp-block-heading\">Serveis de trasllat de primera que oferim per a tu<\/h2>\n\n<p>El nostre servei va m\u00e9s enll\u00e0 de l&#8217;trasllat de clients d&#8217;un lloc a un altre, sin\u00f3 que, durant el trajecte, la seva experi\u00e8ncia sigui agradable i ajustada a les seves necessitats.<\/p>\n\n<p>\u00c9s per aix\u00f2 que comptem amb professionals preparats per al tracte amb el p\u00fablic i brindar el suport especial que requereixen les persones amb alguna discapacitat i els juganers de la casa, <strong> les nostres mascotes  strong&gt;.<\/strong><\/p>\n\n<p>Ingressa al nostre lloc web i navega per la secci\u00f3 de serveis i selecciona el que millor s&#8217;ajusta al que requereixen. Des d&#8217; Autotaxi, transport de mascotes de companyia, trasllat a trav\u00e9s d&#8217;un vehicle de 9 places, de <strong> persones amb discapacitat o mobilitat redu\u00efda  strong&gt;.<\/strong><\/p>\n\n<p class=\"has-text-align-center\">En <strong> Grup Taxi Higueras  strong&gt; treballem per brindar-te el confort que mereixes.<\/strong><\/p>\n\n<div class=\"wp-duotone-4767fa-ffffff-1 wp-block-image\"><figure class=\"aligncenter is-resized\"><a href=\"con\"><img decoding=\"async\" loading=\"lazy\" src=\"https:\/\/taximonovolumen.com\/wp-content\/uploads\/2020\/11\/comunicar.png\" alt=\"Contacta\" class=\"wp-image-397\" width=\"103\" height=\"103\" srcset=\"https:\/\/taximonovolumen.com\/wp-content\/uploads\/2020\/11\/comunicar.png 512w, https:\/\/taximonovolumen.com\/wp-content\/uploads\/2020\/11\/comunicar-300x300.png 300w, https:\/\/taximonovolumen.com\/wp-content\/uploads\/2020\/11\/comunicar-150x150.png 150w\" sizes=\"(max-width: 103px) 100vw, 103px\" \/><\/a><figcaption><strong><em>Contacta<\/em><\/strong><\/figcaption><\/figure><\/div>\n\n<figure class=\"wp-block-gallery columns-4 is-cropped wp-block-gallery-2 is-layout-flex\"><ul class=\"blocks-gallery-grid\"><li class=\"blocks-gallery-item\"><figure><img decoding=\"async\" loading=\"lazy\" width=\"1920\" height=\"1440\" src=\"https:\/\/taximonovolumen.com\/wp-content\/uploads\/2022\/01\/PSX_20201105_195801-2.jpg\" alt=\"\" data-id=\"1068\" data-link=\"https:\/\/taximonovolumen.com\/taxi-oliana\/psx_20201105_195801-2\/#main\" class=\"wp-image-1068\" srcset=\"https:\/\/taximonovolumen.com\/wp-content\/uploads\/2022\/01\/PSX_20201105_195801-2.jpg 1920w, https:\/\/taximonovolumen.com\/wp-content\/uploads\/2022\/01\/PSX_20201105_195801-2-300x225.jpg 300w, https:\/\/taximonovolumen.com\/wp-content\/uploads\/2022\/01\/PSX_20201105_195801-2-768x576.jpg 768w, https:\/\/taximonovolumen.com\/wp-content\/uploads\/2022\/01\/PSX_20201105_195801-2-1536x1152.jpg 1536w\" sizes=\"(max-width: 1920px) 100vw, 1920px\" \/><figcaption class=\"blocks-gallery-item__caption\">Barcelona<\/figcaption><\/figure><\/li><li class=\"blocks-gallery-item\"><figure><img decoding=\"async\" loading=\"lazy\" width=\"2474\" height=\"2326\" src=\"https:\/\/taximonovolumen.com\/wp-content\/uploads\/2022\/01\/IMG_20210506_1114322.jpg\" alt=\"\" data-id=\"1070\" data-link=\"https:\/\/taximonovolumen.com\/taxi-oliana\/img_20210506_1114322\/#main\" class=\"wp-image-1070\" srcset=\"https:\/\/taximonovolumen.com\/wp-content\/uploads\/2022\/01\/IMG_20210506_1114322.jpg 2474w, https:\/\/taximonovolumen.com\/wp-content\/uploads\/2022\/01\/IMG_20210506_1114322-300x282.jpg 300w, https:\/\/taximonovolumen.com\/wp-content\/uploads\/2022\/01\/IMG_20210506_1114322-768x722.jpg 768w, https:\/\/taximonovolumen.com\/wp-content\/uploads\/2022\/01\/IMG_20210506_1114322-1536x1444.jpg 1536w, https:\/\/taximonovolumen.com\/wp-content\/uploads\/2022\/01\/IMG_20210506_1114322-2048x1925.jpg 2048w\" sizes=\"(max-width: 2474px) 100vw, 2474px\" \/><figcaption class=\"blocks-gallery-item__caption\">Andorra<\/figcaption><\/figure><\/li><li class=\"blocks-gallery-item\"><figure><img decoding=\"async\" loading=\"lazy\" width=\"2560\" height=\"1440\" src=\"https:\/\/taximonovolumen.com\/wp-content\/uploads\/2022\/01\/IMG_20210218_160137-scaled.jpg\" alt=\"\" data-id=\"1072\" data-link=\"https:\/\/taximonovolumen.com\/taxi-oliana\/img_20210218_160137\/#main\" class=\"wp-image-1072\" srcset=\"https:\/\/taximonovolumen.com\/wp-content\/uploads\/2022\/01\/IMG_20210218_160137-scaled.jpg 2560w, https:\/\/taximonovolumen.com\/wp-content\/uploads\/2022\/01\/IMG_20210218_160137-300x169.jpg 300w, https:\/\/taximonovolumen.com\/wp-content\/uploads\/2022\/01\/IMG_20210218_160137-768x432.jpg 768w, https:\/\/taximonovolumen.com\/wp-content\/uploads\/2022\/01\/IMG_20210218_160137-1536x864.jpg 1536w, https:\/\/taximonovolumen.com\/wp-content\/uploads\/2022\/01\/IMG_20210218_160137-2048x1152.jpg 2048w\" sizes=\"(max-width: 2560px) 100vw, 2560px\" \/><figcaption class=\"blocks-gallery-item__caption\">Auditori de Barcelona<\/figcaption><\/figure><\/li><li class=\"blocks-gallery-item\"><figure><img decoding=\"async\" loading=\"lazy\" width=\"2198\" height=\"1785\" src=\"https:\/\/taximonovolumen.com\/wp-content\/uploads\/2022\/01\/IMG_20210322_110315.jpg\" alt=\"\" data-id=\"1074\" data-link=\"https:\/\/taximonovolumen.com\/taxi-oliana\/img_20210322_110315\/#main\" class=\"wp-image-1074\" srcset=\"https:\/\/taximonovolumen.com\/wp-content\/uploads\/2022\/01\/IMG_20210322_110315.jpg 2198w, https:\/\/taximonovolumen.com\/wp-content\/uploads\/2022\/01\/IMG_20210322_110315-300x244.jpg 300w, https:\/\/taximonovolumen.com\/wp-content\/uploads\/2022\/01\/IMG_20210322_110315-768x624.jpg 768w, https:\/\/taximonovolumen.com\/wp-content\/uploads\/2022\/01\/IMG_20210322_110315-1536x1247.jpg 1536w, https:\/\/taximonovolumen.com\/wp-content\/uploads\/2022\/01\/IMG_20210322_110315-2048x1663.jpg 2048w\" sizes=\"(max-width: 2198px) 100vw, 2198px\" \/><figcaption class=\"blocks-gallery-item__caption\">La Seu d\u00b4Urgell<\/figcaption><\/figure><\/li><li class=\"blocks-gallery-item\"><figure><img decoding=\"async\" loading=\"lazy\" width=\"1920\" height=\"2560\" src=\"https:\/\/taximonovolumen.com\/wp-content\/uploads\/2022\/01\/IMG_20210712_144200-scaled.jpg\" alt=\"\" data-id=\"1076\" data-link=\"https:\/\/taximonovolumen.com\/taxi-oliana\/img_20210712_144200\/#main\" class=\"wp-image-1076\" srcset=\"https:\/\/taximonovolumen.com\/wp-content\/uploads\/2022\/01\/IMG_20210712_144200-scaled.jpg 1920w, https:\/\/taximonovolumen.com\/wp-content\/uploads\/2022\/01\/IMG_20210712_144200-225x300.jpg 225w, https:\/\/taximonovolumen.com\/wp-content\/uploads\/2022\/01\/IMG_20210712_144200-768x1024.jpg 768w, https:\/\/taximonovolumen.com\/wp-content\/uploads\/2022\/01\/IMG_20210712_144200-1152x1536.jpg 1152w, https:\/\/taximonovolumen.com\/wp-content\/uploads\/2022\/01\/IMG_20210712_144200-1536x2048.jpg 1536w\" sizes=\"(max-width: 1920px) 100vw, 1920px\" \/><figcaption class=\"blocks-gallery-item__caption\">Lleida<\/figcaption><\/figure><\/li><li class=\"blocks-gallery-item\"><figure><img decoding=\"async\" loading=\"lazy\" width=\"2560\" height=\"2502\" src=\"https:\/\/taximonovolumen.com\/wp-content\/uploads\/2022\/01\/Santuari-de-pinos-scaled.jpg\" alt=\"\" data-id=\"1078\" data-full-url=\"https:\/\/taximonovolumen.com\/wp-content\/uploads\/2022\/01\/Santuari-de-pinos-scaled.jpg\" data-link=\"https:\/\/taximonovolumen.com\/taxi-oliana\/santuari-de-pinos\/#main\" class=\"wp-image-1078\" srcset=\"https:\/\/taximonovolumen.com\/wp-content\/uploads\/2022\/01\/Santuari-de-pinos-scaled.jpg 2560w, https:\/\/taximonovolumen.com\/wp-content\/uploads\/2022\/01\/Santuari-de-pinos-300x293.jpg 300w, https:\/\/taximonovolumen.com\/wp-content\/uploads\/2022\/01\/Santuari-de-pinos-768x751.jpg 768w, https:\/\/taximonovolumen.com\/wp-content\/uploads\/2022\/01\/Santuari-de-pinos-1536x1501.jpg 1536w, https:\/\/taximonovolumen.com\/wp-content\/uploads\/2022\/01\/Santuari-de-pinos-2048x2002.jpg 2048w\" sizes=\"(max-width: 2560px) 100vw, 2560px\" \/><figcaption class=\"blocks-gallery-item__caption\">Santuari de Pinos<\/figcaption><\/figure><\/li><\/ul><\/figure>","protected":false},"excerpt":{"rendered":"<p>Taxi Oliana Servei de Taxi Oliana, les seves caracter\u00edstiques s\u00f3n definides per la discreci\u00f3 dels seus empleats, responsabilitat, puntualitat, cura i tracte personal amb molt de respecte i professionalitat. Oferim un servei de trasllat sempre ajustat a la necessitat del client, el confort \u00e9s la nostra premissa i \u00e9s el nostre deure garantir-lo en cadascuna &#8230; <a title=\"Taxi Oliana\" class=\"read-more\" href=\"https:\/\/taximonovolumen.com\/ca\/taxi-oliana\/\" aria-label=\"M\u00e9s informaci\u00f3 sobre Taxi Oliana\">Llegiu m\u00e9s<\/a><\/p>\n","protected":false},"author":1,"featured_media":0,"parent":0,"menu_order":0,"comment_status":"closed","ping_status":"closed","template":"","meta":[],"_links":{"self":[{"href":"https:\/\/taximonovolumen.com\/ca\/wp-json\/wp\/v2\/pages\/987"}],"collection":[{"href":"https:\/\/taximonovolumen.com\/ca\/wp-json\/wp\/v2\/pages"}],"about":[{"href":"https:\/\/taximonovolumen.com\/ca\/wp-json\/wp\/v2\/types\/page"}],"author":[{"embeddable":true,"href":"https:\/\/taximonovolumen.com\/ca\/wp-json\/wp\/v2\/users\/1"}],"replies":[{"embeddable":true,"href":"https:\/\/taximonovolumen.com\/ca\/wp-json\/wp\/v2\/comments?post=987"}],"version-history":[{"count":8,"href":"https:\/\/taximonovolumen.com\/ca\/wp-json\/wp\/v2\/pages\/987\/revisions"}],"predecessor-version":[{"id":1121,"href":"https:\/\/taximonovolumen.com\/ca\/wp-json\/wp\/v2\/pages\/987\/revisions\/1121"}],"wp:attachment":[{"href":"https:\/\/taximonovolumen.com\/ca\/wp-json\/wp\/v2\/media?parent=987"}],"curies":[{"name":"wp","href":"https:\/\/api.w.org\/{rel}","templated":true}]}}