{"id":1059,"date":"2021-11-29T18:40:50","date_gmt":"2021-11-29T18:40:50","guid":{"rendered":"https:\/\/taximonovolumen.com\/contacta\/"},"modified":"2023-09-16T06:30:45","modified_gmt":"2023-09-16T06:30:45","slug":"contacta","status":"publish","type":"page","link":"https:\/\/taximonovolumen.com\/ca\/contacta\/","title":{"rendered":"Contacta"},"content":{"rendered":"\n<h1 class=\"wp-block-heading\"><strong>Contacta per a m\u00e9s informaci\u00f3.<\/strong><\/h1>\n\n<p>Contacta i demana pressupost, per a tots els nostres serveis,<br\/>per\u00a0tel\u00e8fon,\u00a0WhatsApp\u00a0o formulari i sense comprom\u00eds.<\/p>\n\n<p class=\"has-text-align-center\"><strong><em>Els nostres serveis\u00a0de taxi<\/em><\/strong><br\/>Servei a aeroports i ports,<br\/>Servei de seguretat social,<br\/>M\u00fatues i trasllats m\u00e8dics,<br\/>Assist\u00e8ncies de carretera, etc.<\/p>\n\n<p class=\"has-small-font-size\"><strong>**Amb llic\u00e8ncia municipal d&#8217;autotaxi-VT- de Solsona i Oliana.(Lleida)<\/strong><\/p>\n\n<div class=\"wp-block-contact-form-7-contact-form-selector\">\n<div class=\"wpcf7 no-js\" id=\"wpcf7-f382-o1\" lang=\"es-ES\" dir=\"ltr\">\n<div class=\"screen-reader-response\"><p role=\"status\" aria-live=\"polite\" aria-atomic=\"true\"><\/p> <ul><\/ul><\/div>\n<form action=\"\/ca\/wp-json\/wp\/v2\/pages\/1059#wpcf7-f382-o1\" method=\"post\" class=\"wpcf7-form init\" aria-label=\"Formulario de contacto\" novalidate=\"novalidate\" data-status=\"init\">\n<div style=\"display: none;\">\n<input type=\"hidden\" name=\"_wpcf7\" value=\"382\" \/>\n<input type=\"hidden\" name=\"_wpcf7_version\" value=\"5.8.2\" \/>\n<input type=\"hidden\" name=\"_wpcf7_locale\" value=\"es_ES\" \/>\n<input type=\"hidden\" name=\"_wpcf7_unit_tag\" value=\"wpcf7-f382-o1\" \/>\n<input type=\"hidden\" name=\"_wpcf7_container_post\" value=\"0\" \/>\n<input type=\"hidden\" name=\"_wpcf7_posted_data_hash\" value=\"\" \/>\n<input type=\"hidden\" name=\"_wpcf7_recaptcha_response\" value=\"\" \/>\n<\/div>\n<p><label> Tu nombre<br \/>\n<span class=\"wpcf7-form-control-wrap\" data-name=\"your-name\"><input size=\"40\" class=\"wpcf7-form-control wpcf7-text wpcf7-validates-as-required\" aria-required=\"true\" aria-invalid=\"false\" value=\"\" type=\"text\" name=\"your-name\" \/><\/span> <\/label>\n<\/p>\n<p><label> Tu correo electr\u00f3nico<br \/>\n<span class=\"wpcf7-form-control-wrap\" data-name=\"your-email\"><input size=\"40\" class=\"wpcf7-form-control wpcf7-email wpcf7-validates-as-required wpcf7-text wpcf7-validates-as-email\" aria-required=\"true\" aria-invalid=\"false\" value=\"\" type=\"email\" name=\"your-email\" \/><\/span> <\/label>\n<\/p>\n<p><label> Asunto<br \/>\n<span class=\"wpcf7-form-control-wrap\" data-name=\"your-subject\"><input size=\"40\" class=\"wpcf7-form-control wpcf7-text wpcf7-validates-as-required\" aria-required=\"true\" aria-invalid=\"false\" value=\"\" type=\"text\" name=\"your-subject\" \/><\/span> <\/label>\n<\/p>\n<p><label> Tu mensaje (opcional)<br \/>\n<span class=\"wpcf7-form-control-wrap\" data-name=\"your-message\"><textarea cols=\"40\" rows=\"10\" class=\"wpcf7-form-control wpcf7-textarea\" aria-invalid=\"false\" name=\"your-message\"><\/textarea><\/span> <\/label>\n<\/p>\n<p><input class=\"wpcf7-form-control wpcf7-submit has-spinner\" type=\"submit\" value=\"Enviar\" \/>\n<\/p>\n<span class=\"wpcf7-form-control-wrap recaptcha\" data-name=\"recaptcha\"><span data-sitekey=\"6Ld92-8ZAAAAAG_5N-TDdlplieURhubhdYcozc9l\" data-align=\"center\" class=\"wpcf7-form-control wpcf7-recaptcha g-recaptcha\"><\/span>\r\n<noscript>\r\n\t<div class=\"grecaptcha-noscript\">\r\n\t\t<iframe src=\"https:\/\/www.google.com\/recaptcha\/api\/fallback?k=6Ld92-8ZAAAAAG_5N-TDdlplieURhubhdYcozc9l\" frameborder=\"0\" scrolling=\"no\" width=\"310\" height=\"430\">\r\n\t\t<\/iframe>\r\n\t\t<textarea name=\"g-recaptcha-response\" rows=\"3\" cols=\"40\" placeholder=\"Aqu\u00ed la respuesta de reCAPTCHA\">\r\n\t\t<\/textarea>\r\n\t<\/div>\r\n<\/noscript>\r\n<\/span>\n<p><label> Atenderemos tu consulta o petici\u00f3n los m\u00e1s r\u00e1pido posible.<br \/>\nGracias.<\/label>\n<\/p><p style=\"display: none !important;\" class=\"akismet-fields-container\" data-prefix=\"_wpcf7_ak_\"><label>&#916;<textarea name=\"_wpcf7_ak_hp_textarea\" cols=\"45\" rows=\"8\" maxlength=\"100\"><\/textarea><\/label><input type=\"hidden\" id=\"ak_js_1\" name=\"_wpcf7_ak_js\" value=\"140\"\/><script>document.getElementById( \"ak_js_1\" ).setAttribute( \"value\", ( new Date() ).getTime() );<\/script><\/p><div class=\"wpcf7-response-output\" aria-hidden=\"true\"><\/div>\n<\/form>\n<\/div>\n<\/div>\r\n\n<div class=\"wp-block-buttons is-horizontal is-content-justification-center is-layout-flex wp-container-1\">\n<div class=\"wp-block-button\"><a class=\"wp-block-button__link wp-element-button\" href=\"https:\/\/taximonovolumen.com\/ca\/\">Taximonovolumen.com<\/a><\/div>\n<\/div>\n\n<h3 class=\"wp-block-heading has-text-color\" style=\"color:#ba0c49;font-size:30px\"><strong>TaxiMonovolumen.com<\/strong><\/h3>\n\n<div class=\"wp-block-columns is-layout-flex wp-container-5\">\n<div class=\"wp-block-column is-layout-flow\">\n<p><a href=\"Tel: 6308821652\">Telf: +346308821652<\/a><br\/>Calle Oreneta, n\u00ba13. &#8211; Email: <a href=\"mailto:info@taximonovolumen.com\" target=\"_blank\" rel=\"noreferrer noopener\">info@taximonovolumen.com<\/a><\/p>\n<\/div>\n\n\n\n<div class=\"wp-block-column is-layout-flow\">\n<p>25286 Pi de Sant Just (Olius)<br\/>Lleida. <\/p>\n<\/div>\n\n\n\n<div class=\"wp-block-column is-vertically-aligned-bottom is-layout-flow\"><\/div>\n<\/div>\n<div class=\"wp-block-image\">\n<figure class=\"aligncenter size-large is-resized\"><a href=\"https:\/\/www.facebook.com\/taxismonovolumen\" target=\"_blank\" rel=\"noopener\"><img decoding=\"async\" loading=\"lazy\" src=\"https:\/\/taximonovolumen.com\/wp-content\/uploads\/2020\/12\/baixa.jpg\" alt=\"Facebook\" class=\"wp-image-626\" width=\"141\" height=\"79\" title=\"Reds Socials\"\/><\/a><\/figure><\/div>\n<p><\/p>\n","protected":false},"excerpt":{"rendered":"<p>Contacta per a m\u00e9s informaci\u00f3. Contacta i demana pressupost, per a tots els nostres serveis,per\u00a0tel\u00e8fon,\u00a0WhatsApp\u00a0o formulari i sense comprom\u00eds. Els nostres serveis\u00a0de taxiServei a aeroports i ports,Servei de seguretat social,M\u00fatues i trasllats m\u00e8dics,Assist\u00e8ncies de carretera, etc. **Amb llic\u00e8ncia municipal d&#8217;autotaxi-VT- de Solsona i Oliana.(Lleida) TaxiMonovolumen.com Telf: +346308821652Calle Oreneta, n\u00ba13. &#8211; Email: info@taximonovolumen.com 25286 Pi de &#8230; <a title=\"Contacta\" class=\"read-more\" href=\"https:\/\/taximonovolumen.com\/ca\/contacta\/\" aria-label=\"M\u00e9s informaci\u00f3 sobre Contacta\">Llegiu m\u00e9s<\/a><\/p>\n","protected":false},"author":1,"featured_media":0,"parent":0,"menu_order":0,"comment_status":"closed","ping_status":"closed","template":"","meta":[],"_links":{"self":[{"href":"https:\/\/taximonovolumen.com\/ca\/wp-json\/wp\/v2\/pages\/1059"}],"collection":[{"href":"https:\/\/taximonovolumen.com\/ca\/wp-json\/wp\/v2\/pages"}],"about":[{"href":"https:\/\/taximonovolumen.com\/ca\/wp-json\/wp\/v2\/types\/page"}],"author":[{"embeddable":true,"href":"https:\/\/taximonovolumen.com\/ca\/wp-json\/wp\/v2\/users\/1"}],"replies":[{"embeddable":true,"href":"https:\/\/taximonovolumen.com\/ca\/wp-json\/wp\/v2\/comments?post=1059"}],"version-history":[{"count":2,"href":"https:\/\/taximonovolumen.com\/ca\/wp-json\/wp\/v2\/pages\/1059\/revisions"}],"predecessor-version":[{"id":1120,"href":"https:\/\/taximonovolumen.com\/ca\/wp-json\/wp\/v2\/pages\/1059\/revisions\/1120"}],"wp:attachment":[{"href":"https:\/\/taximonovolumen.com\/ca\/wp-json\/wp\/v2\/media?parent=1059"}],"curies":[{"name":"wp","href":"https:\/\/api.w.org\/{rel}","templated":true}]}}