{"id":1013,"date":"2021-08-23T11:12:52","date_gmt":"2021-08-23T11:12:52","guid":{"rendered":"https:\/\/taximonovolumen.com\/servei-de-taxi\/"},"modified":"2021-11-29T18:40:50","modified_gmt":"2021-11-29T18:40:50","slug":"servei-de-taxi","status":"publish","type":"page","link":"https:\/\/taximonovolumen.com\/ca\/servei-de-taxi\/","title":{"rendered":"Servei de Taxi"},"content":{"rendered":"\n<h1 class=\"has-text-align-center wp-block-heading\"><strong>Servei de taxi<\/strong><\/h1>\n\n<p>Benvinguts al nostre lloc web on oferim el servei de taxi que tant has buscat. Si, aix\u00ed \u00e9s, un servei de primera que ofereix confian\u00e7a, comoditat i atenci\u00f3 personalitzada a les comarques del Solson\u00e8s i Alt Urgell.<\/p>\n\n<p>A la nostra empresa sabem el que busques en un <strong> servei de trasllat <\/strong>, i per poder satisfer les necessitats dels nostres clients, la nostra cartera de servei s&#8217;ha ampliat.<\/p>\n\n<h2 class=\"has-text-align-center has-medium-font-size wp-block-heading\"><strong> <em> Els nostres servei de taxi  em&gt; <\/em><\/strong><\/h2>\n\n<div class=\"wp-block-columns is-layout-flex wp-container-3\">\n<div class=\"wp-block-column is-layout-flow\">\n<ul id=\"block-fe425fc5-6752-4c5e-98ed-216145fc1df6\"><li>Servei a aeroports i ports,<\/li><li>Servei de seguretat social,<\/li><li>M\u00fatues i trasllats m\u00e8dics.<\/li><\/ul>\n\n\n<p><\/p>\n<\/div>\n\n\n\n<div class=\"wp-block-column is-layout-flow\">\n<ul id=\"block-fe425fc5-6752-4c5e-98ed-216145fc1df6\"><li>Despla\u00e7aments per a casaments.<\/li><li>Despla\u00e7aments per batejos<\/li><li>Despla\u00e7aments per a esdeveniments<\/li><\/ul>\n\n\n<p><\/p>\n<\/div>\n<\/div>\n\n<p> Quan decideixes contractar el nostre servei, la nostra missi\u00f3 \u00e9s que els nostres clients estiguin completament satisfets, sempre donant el millor de nosaltres perqu\u00e8 la seva experi\u00e8ncia sigui satisfact\u00f2ria.<\/p>\n\n<p>A l&#8217;ingressar al nostre lloc web, nom\u00e9s has d&#8217;indicar el tipus de servei que requereixes, per exemple: <strong> rutes especifiques, trasllat a esdeveniments especials com casaments, batejos, comunions, etc &#8230; <\/strong><\/p>\n\n<p>Per comen\u00e7ar a gaudir de tot el que tenim per oferir-te, nom\u00e9s has d&#8217;ingressar al nostre lloc web i <strong> contactar amb nosaltres. <\/strong><\/p>\n\n<p> Haur\u00e0s d&#8217;indicar el tipus de servei que requereixes, a m\u00e9s de tots els detalls necessaris per fer del teu viatge la millor experi\u00e8ncia. Dins d&#8217;aquests factors, s&#8217;inclou la data, hora, locaci\u00f3, entre d&#8217;altres, perqu\u00e8 gaudeixis d&#8217;un trasllat segur.<\/p>\n\n<div class=\"wp-block-image\"><figure class=\"aligncenter size-large is-resized\"><a href=\"https:\/\/taximonovolumen.com\/ca\/contacta\/\"><img decoding=\"async\" loading=\"lazy\" src=\"https:\/\/taximonovolumen.com\/wp-content\/uploads\/2020\/11\/logocomunicaciontaxi.png\" alt=\"Contacta amb el nostre servei\" class=\"wp-image-473\" width=\"157\" height=\"157\" srcset=\"https:\/\/taximonovolumen.com\/wp-content\/uploads\/2020\/11\/logocomunicaciontaxi.png 626w, https:\/\/taximonovolumen.com\/wp-content\/uploads\/2020\/11\/logocomunicaciontaxi-300x300.png 300w, https:\/\/taximonovolumen.com\/wp-content\/uploads\/2020\/11\/logocomunicaciontaxi-150x150.png 150w\" sizes=\"(max-width: 157px) 100vw, 157px\" \/><\/a><figcaption><a href=\"https:\/\/taximonovolumen.com\/ca\/contacta\/\">Contacta<\/a><\/figcaption><\/figure><\/div>\n","protected":false},"excerpt":{"rendered":"<p>Servei de taxi Benvinguts al nostre lloc web on oferim el servei de taxi que tant has buscat. Si, aix\u00ed \u00e9s, un servei de primera que ofereix confian\u00e7a, comoditat i atenci\u00f3 personalitzada a les comarques del Solson\u00e8s i Alt Urgell. A la nostra empresa sabem el que busques en un servei de trasllat , i &#8230; <a title=\"Servei de Taxi\" class=\"read-more\" href=\"https:\/\/taximonovolumen.com\/ca\/servei-de-taxi\/\" aria-label=\"M\u00e9s informaci\u00f3 sobre Servei de Taxi\">Llegiu m\u00e9s<\/a><\/p>\n","protected":false},"author":1,"featured_media":0,"parent":0,"menu_order":0,"comment_status":"closed","ping_status":"closed","template":"","meta":[],"_links":{"self":[{"href":"https:\/\/taximonovolumen.com\/ca\/wp-json\/wp\/v2\/pages\/1013"}],"collection":[{"href":"https:\/\/taximonovolumen.com\/ca\/wp-json\/wp\/v2\/pages"}],"about":[{"href":"https:\/\/taximonovolumen.com\/ca\/wp-json\/wp\/v2\/types\/page"}],"author":[{"embeddable":true,"href":"https:\/\/taximonovolumen.com\/ca\/wp-json\/wp\/v2\/users\/1"}],"replies":[{"embeddable":true,"href":"https:\/\/taximonovolumen.com\/ca\/wp-json\/wp\/v2\/comments?post=1013"}],"version-history":[{"count":4,"href":"https:\/\/taximonovolumen.com\/ca\/wp-json\/wp\/v2\/pages\/1013\/revisions"}],"predecessor-version":[{"id":1061,"href":"https:\/\/taximonovolumen.com\/ca\/wp-json\/wp\/v2\/pages\/1013\/revisions\/1061"}],"wp:attachment":[{"href":"https:\/\/taximonovolumen.com\/ca\/wp-json\/wp\/v2\/media?parent=1013"}],"curies":[{"name":"wp","href":"https:\/\/api.w.org\/{rel}","templated":true}]}}